{"id":2,"date":"2023-01-09T15:21:37","date_gmt":"2023-01-09T15:21:37","guid":{"rendered":"https:\/\/intimcentrum.com\/?page_id=2"},"modified":"2023-01-09T15:54:45","modified_gmt":"2023-01-09T15:54:45","slug":"sexshop","status":"publish","type":"page","link":"https:\/\/intimcentrum.com\/","title":{"rendered":"Sex shop INTIM CENTER"},"content":{"rendered":"<h4 style=\"text-align: center;\">Az \u00faj weboldalunk itt <a href=\"https:\/\/intimcenter.hu\/\">www.INTIMCENTER.hu<\/a> vagy kattints a k\u00e9pre:<\/h4>\n<p><a href=\"https:\/\/intimcenter.hu\"><img decoding=\"async\" class=\"alignnone size-full wp-image-1313672\" src=\"https:\/\/intimcenter.com\/wp-content\/uploads\/2022\/09\/budapest-szexshop-uzlet-es-online-webshop-a-legjobb-szexaruhaz.jpg\" alt=\"\" width=\"100%\" height=\"auto\" \/><\/a><\/p>\n<p style=\"text-align: center;\"><span style=\"color: #ff0000;\"><strong>Szem\u00e9lyes v\u00e1s\u00e1rl\u00e1s \u00fczlet\u00fcnkben vagy online rendel\u00e9s<\/strong><\/span> az Intim Center <a href=\"https:\/\/intimcenter.hu\"><strong>meg\u00fajult weboldal\u00e1n itt<\/strong><\/a> az intimcenter.hu n\u00e9ven.<\/p>\n<hr \/>\n<p>Az INTIM CENTER szexbolt minden nap nyitva tart. C\u00edme 1052 Budapest, K\u00e1roly krt. 14. f\u00e9lemelet. Telefon +36 1 3170918<\/p>\n<hr \/>\n<div class=\"wpsc_categories wpsc_category_grid group\" style=\"text-align: center;\">\n<div class=\"wpsc_category_grid_item \" style=\"display: inline-block; float: none;\"><a style=\"text-decoration-line: none;\" title=\"Vibr\u00e1torok\" href=\"https:\/\/intimcenter.hu\/vibratorok\"><br \/>\n<img loading=\"lazy\" decoding=\"async\" class=\"lazy-loaded\" src=\"https:\/\/intimcenter.hu\/custom\/intimcenter\/image\/cache\/w180h180q80np1\/kategoriak\/vibratorok.jpg\" sizes=\"auto, 100vw\" width=\"180\" height=\"180\" data-lazy-type=\"image\" data-src=\"https:\/\/intimcenter.hu\/custom\/intimcenter\/image\/data\/kategoriak\/vibratorok.jpg\" data-srcset=\"\" \/><br \/>\nVibr\u00e1torok<\/a><\/div>\n<div class=\"wpsc_category_grid_item \" style=\"display: inline-block; float: none;\"><a title=\"Dild\u00f3k\" href=\"https:\/\/intimcenter.hu\/noknek\/dildok\"><br \/>\n<img loading=\"lazy\" decoding=\"async\" src=\"https:\/\/intimcenter.hu\/custom\/intimcenter\/image\/cache\/w180h180q80np1\/kategoriak\/dildok.jpg\" sizes=\"auto, 100vw\" width=\"180\" height=\"180\" data-lazy-type=\"image\" data-src=\"https:\/\/intimcenter.hu\/custom\/intimcenter\/image\/data\/kategoriak\/dildok.jpg\" data-srcset=\"\" \/><\/a><br \/>\n<a style=\"text-decoration-line: none;\" title=\"Dild\u00f3k\" href=\"https:\/\/intimcenter.hu\/noknek\/dildok\">Dild\u00f3k<\/a><\/div>\n<div class=\"wpsc_category_grid_item \" style=\"display: inline-block; float: none;\"><a style=\"text-decoration-line: none;\" title=\"Potencian\u00f6vel\u0151k\" href=\"https:\/\/intimcenter.hu\/szexpatika\/potencianovelok\"><br \/>\n<img loading=\"lazy\" decoding=\"async\" class=\"lazy-loaded\" src=\"https:\/\/intimcenter.hu\/custom\/intimcenter\/image\/cache\/w180h180q80np1\/kategoriak\/potencianovelok.jpg\" sizes=\"auto, 100vw\" width=\"180\" height=\"180\" data-lazy-type=\"image\" data-src=\"https:\/\/intimcenter.hu\/custom\/intimcenter\/image\/data\/kategoriak\/potencianovelok.jpg\" data-srcset=\"\" \/><br \/>\nPotencian\u00f6vel\u0151k<\/a><\/div>\n<div class=\"wpsc_category_grid_item \" style=\"display: inline-block; float: none;\"><a style=\"text-decoration-line: none;\" title=\"Maszturb\u00e1torok\" href=\"https:\/\/intimcenter.hu\/ferfiaknak\/maszturbatorok\"><br \/>\n<img loading=\"lazy\" decoding=\"async\" class=\"lazy-loaded\" src=\"https:\/\/intimcenter.hu\/custom\/intimcenter\/image\/cache\/w180h180q80np1\/kategoriak\/maszturbatorok.jpg\" sizes=\"auto, 100vw\" width=\"180\" height=\"180\" data-lazy-type=\"image\" data-src=\"https:\/\/intimcenter.hu\/custom\/intimcenter\/image\/data\/kategoriak\/maszturbatorok.jpg\" data-srcset=\"\" \/><br \/>\nMaszturb\u00e1torok<\/a><\/div>\n<div class=\"wpsc_category_grid_item \" style=\"display: inline-block; float: none;\"><a style=\"text-decoration-line: none;\" title=\"An\u00e1lis eszk\u00f6z\u00f6k\" href=\"https:\/\/intimcenter.hu\/szexkellekek\/analis-eszkozok\"><br \/>\n<img loading=\"lazy\" decoding=\"async\" class=\"lazy-loaded\" src=\"https:\/\/intimcenter.hu\/custom\/intimcenter\/image\/cache\/w180h180q80np1\/kategoriak\/anal-szex-jatekok.jpg\" sizes=\"auto, 100vw\" width=\"180\" height=\"180\" data-lazy-type=\"image\" data-src=\"https:\/\/intimcenter.hu\/custom\/intimcenter\/image\/data\/kategoriak\/anal-szex-jatekok.jpg\" data-srcset=\"\" \/><br \/>\nAn\u00e1lis eszk\u00f6z\u00f6k<\/a><\/div>\n<div class=\"wpsc_category_grid_item \" style=\"display: inline-block; float: none;\"><a style=\"text-decoration-line: none;\" title=\"Csikl\u00f3izgat\u00f3k\" href=\"https:\/\/intimcenter.hu\/vibratorok\/csikloizgatok\"><br \/>\n<img loading=\"lazy\" decoding=\"async\" class=\"lazy-loaded\" src=\"https:\/\/intimcenter.hu\/custom\/intimcenter\/image\/cache\/w180h180q80np1\/kategoriak\/csikloizgato.jpg\" sizes=\"auto, 100vw\" width=\"180\" height=\"180\" data-lazy-type=\"image\" data-src=\"https:\/\/intimcenter.hu\/custom\/intimcenter\/image\/data\/kategoriak\/csikloizgato.jpg\" data-srcset=\"\" \/><br \/>\nCsikl\u00f3izgat\u00f3k<\/a><\/div>\n<div class=\"wpsc_category_grid_item \" style=\"display: inline-block; float: none;\"><a style=\"text-decoration-line: none;\" title=\"Erotikus aj\u00e1nd\u00e9kok\" href=\"https:\/\/intimcenter.hu\/szexkellekek\/jatekok-tarsasjatekok\"><br \/>\n<img loading=\"lazy\" decoding=\"async\" class=\"lazy-loaded\" src=\"https:\/\/intimcenter.hu\/custom\/intimcenter\/image\/cache\/w180h180q80np1\/kategoriak\/tarsasjatekok-ajandekok.jpg\" sizes=\"auto, 100vw\" width=\"180\" height=\"180\" data-lazy-type=\"image\" data-src=\"https:\/\/intimcenter.hu\/custom\/intimcenter\/image\/data\/kategoriak\/tarsasjatekok-ajandekok.jpg\" data-srcset=\"\" \/><br \/>\nT\u00e1rsasj\u00e1t\u00e9kok aj\u00e1nd\u00e9kok<\/a><\/div>\n<div class=\"wpsc_category_grid_item \" style=\"display: inline-block; float: none;\"><a style=\"text-decoration-line: none;\" title=\"Felcsatolhat\u00f3 eszk\u00f6z\u00f6k\" href=\"https:\/\/intimcenter.hu\/noknek\/felcsatolhato-eszkozok\"><br \/>\n<img loading=\"lazy\" decoding=\"async\" class=\"lazy-loaded\" src=\"https:\/\/intimcenter.hu\/custom\/intimcenter\/image\/cache\/w180h180q80np1\/kategoriak\/felcsatolhato-eszkozok.jpg\" sizes=\"auto, 100vw\" width=\"180\" height=\"180\" data-lazy-type=\"image\" data-src=\"https:\/\/intimcenter.hu\/custom\/intimcenter\/image\/data\/kategoriak\/felcsatolhato-eszkozok.jpg\" data-srcset=\"\" \/><br \/>\nFelcsatolhat\u00f3 eszk\u00f6z\u00f6k<\/a><\/div>\n<div class=\"wpsc_category_grid_item \" style=\"display: inline-block; float: none;\"><a style=\"text-decoration-line: none;\" title=\"G\u00e9sagoly\u00f3k\" href=\"https:\/\/intimcenter.hu\/noknek\/gesagolyok\"><br \/>\n<img loading=\"lazy\" decoding=\"async\" class=\"lazy-loaded\" src=\"https:\/\/intimcenter.hu\/custom\/intimcenter\/image\/cache\/w180h180q80np1\/kategoriak\/gesagolyok.jpg\" sizes=\"auto, 100vw\" width=\"180\" height=\"180\" data-lazy-type=\"image\" data-src=\"https:\/\/intimcenter.hu\/custom\/intimcenter\/image\/data\/kategoriak\/gesagolyok.jpg\" data-srcset=\"\" \/><br \/>\nG\u00e9sagoly\u00f3k<\/a><\/div>\n<div class=\"wpsc_category_grid_item \" style=\"display: inline-block; float: none;\"><a style=\"text-decoration-line: none;\" title=\"Intimk\u00e9szletek\" href=\"https:\/\/intimcenter.hu\/noknek\/intim-keszletek\"><br \/>\n<img loading=\"lazy\" decoding=\"async\" class=\"lazy-loaded\" src=\"https:\/\/intimcenter.hu\/custom\/intimcenter\/image\/cache\/w180h180q80np1\/kategoriak\/intimkeszletek.jpg\" sizes=\"auto, 100vw\" width=\"180\" height=\"180\" data-lazy-type=\"image\" data-src=\"https:\/\/intimcenter.hu\/custom\/intimcenter\/image\/data\/kategoriak\/intimkeszletek.jpg\" data-srcset=\"\" \/><br \/>\nIntim k\u00e9szletek<\/a><\/div>\n<div class=\"wpsc_category_grid_item \" style=\"display: inline-block; float: none;\"><img loading=\"lazy\" decoding=\"async\" class=\"lazy-loaded\" src=\"https:\/\/intimcenter.hu\/custom\/intimcenter\/image\/cache\/w180h180q80np1\/kategoriak\/peniszgyuruk-hosszabitok.jpg\" sizes=\"auto, 100vw\" width=\"180\" height=\"180\" data-lazy-type=\"image\" data-src=\"https:\/\/intimcenter.hu\/custom\/intimcenter\/image\/data\/kategoriak\/peniszgyuruk-hosszabitok.jpg\" data-srcset=\"\" \/><br \/>\n<a href=\"https:\/\/intimcenter.hu\/ferfiaknak\/peniszgyuruk\">Gy\u0171r\u0171k<\/a>\u00a0<a href=\"https:\/\/intimcenter.hu\/ferfiaknak\/penisz-mandzsettak\">Mandzsett\u00e1k<\/a><\/div>\n<div class=\"wpsc_category_grid_item \" style=\"display: inline-block; float: none;\"><a style=\"text-decoration-line: none;\" title=\"S\/M term\u00e9kek\" href=\"https:\/\/intimcenter.hu\/bdsm\"><br \/>\n<img loading=\"lazy\" decoding=\"async\" class=\"lazy-loaded\" src=\"https:\/\/intimcenter.hu\/custom\/intimcenter\/image\/cache\/w180h180q80np1\/kategoriak\/szadomazo-kellekek.jpg\" sizes=\"auto, 100vw\" width=\"180\" height=\"180\" data-lazy-type=\"image\" data-src=\"https:\/\/intimcenter.hu\/custom\/intimcenter\/image\/data\/kategoriak\/szadomazo-kellekek.jpg\" data-srcset=\"\" \/><br \/>\nBDSM term\u00e9kek<\/a><\/div>\n<div class=\"wpsc_category_grid_item \" style=\"display: inline-block; float: none;\"><a style=\"text-decoration-line: none;\" title=\"Seg\u00e9deszk\u00f6z\u00f6k\" href=\"https:\/\/intimcenter.hu\/ferfiaknak\/maszturbatorok\"><br \/>\n<img loading=\"lazy\" decoding=\"async\" class=\"lazy-loaded\" src=\"https:\/\/intimcenter.hu\/custom\/intimcenter\/image\/cache\/w180h180q80np1\/kategoriak\/peniszpumpak.jpg\" sizes=\"auto, 100vw\" width=\"180\" height=\"180\" data-lazy-type=\"image\" data-src=\"https:\/\/intimcenter.hu\/custom\/intimcenter\/image\/data\/kategoriak\/peniszpumpak.jpg\" data-srcset=\"\" \/><br \/>\nP\u00e9niszpump\u00e1k<\/a><\/div>\n<div class=\"wpsc_category_grid_item \" style=\"display: inline-block; float: none;\"><a style=\"text-decoration-line: none;\" title=\"Sikos\u00edt\u00f3k\" href=\"https:\/\/intimcenter.hu\/szexpatika\/sikositok\"><br \/>\n<img loading=\"lazy\" decoding=\"async\" class=\"lazy-loaded\" src=\"https:\/\/intimcenter.hu\/custom\/intimcenter\/image\/cache\/w180h180q80np1\/kategoriak\/sikosito.jpg\" sizes=\"auto, 100vw\" width=\"180\" height=\"180\" data-lazy-type=\"image\" data-src=\"https:\/\/intimcenter.hu\/custom\/intimcenter\/image\/data\/kategoriak\/sikosito.jpg\" data-srcset=\"\" \/><br \/>\nSikos\u00edt\u00f3k<\/a><\/div>\n<div class=\"wpsc_category_grid_item \" style=\"display: inline-block; float: none;\"><a style=\"text-decoration-line: none;\" title=\"Szexbab\u00e1k\" href=\"https:\/\/intimcenter.hu\/ferfiaknak\/szexbabak\"><br \/>\n<img loading=\"lazy\" decoding=\"async\" class=\"lazy-loaded\" src=\"https:\/\/intimcenter.hu\/custom\/intimcenter\/image\/cache\/w180h180q80np1\/kategoriak\/szexbabak-guminok.jpg\" sizes=\"auto, 100vw\" width=\"180\" height=\"180\" data-lazy-type=\"image\" data-src=\"https:\/\/intimcenter.hu\/custom\/intimcenter\/image\/data\/kategoriak\/szexbabak-guminok.jpg\" data-srcset=\"\" \/><br \/>\nSzexbab\u00e1k<\/a><\/div>\n<div class=\"wpsc_category_grid_item \" style=\"display: inline-block; float: none;\"><a style=\"text-decoration-line: none;\" title=\"Szexi feh\u00e9rnem\u0171k\" href=\"https:\/\/intimcenter.hu\/noknek\/szexi-fehernemuk\"><br \/>\n<img loading=\"lazy\" decoding=\"async\" class=\"lazy-loaded\" src=\"https:\/\/intimcenter.hu\/custom\/intimcenter\/image\/cache\/w180h180q80np1\/kategoriak\/fehernemu.jpg\" sizes=\"auto, 100vw\" width=\"180\" height=\"180\" data-lazy-type=\"image\" data-src=\"https:\/\/intimcenter.hu\/custom\/intimcenter\/image\/data\/kategoriak\/fehernemu.jpg\" data-srcset=\"\" \/><br \/>\nSzexi feh\u00e9rnem\u0171k<\/a><\/div>\n<div class=\"wpsc_category_grid_item \" style=\"display: inline-block; float: none;\"><a style=\"text-decoration-line: none;\" title=\"Szexpatika\" href=\"https:\/\/intimcenter.hu\/szexpatika\"><br \/>\n<img loading=\"lazy\" decoding=\"async\" class=\"lazy-loaded\" src=\"https:\/\/intimcenter.hu\/custom\/intimcenter\/image\/cache\/w180h180q80np1\/kategoriak\/szexpatika.jpg\" sizes=\"auto, 100vw\" width=\"180\" height=\"180\" data-lazy-type=\"image\" data-src=\"https:\/\/intimcenter.hu\/custom\/intimcenter\/image\/data\/kategoriak\/szexpatika.jpg\" data-srcset=\"\" \/><br \/>\nSzexpatika<\/a><\/div>\n<div class=\"wpsc_category_grid_item \" style=\"display: inline-block; float: none;\"><a style=\"text-decoration-line: none;\" title=\"P\u00e1roknak\" href=\"https:\/\/intimcenter.hu\/index.php?route=product\/list&amp;keyword=paroknak\"><br \/>\n<img loading=\"lazy\" decoding=\"async\" class=\"lazy-loaded\" src=\"https:\/\/intimcenter.hu\/custom\/intimcenter\/image\/cache\/w180h180q80np1\/kategoriak\/paroknak.jpg\" sizes=\"auto, 100vw\" width=\"180\" height=\"180\" data-lazy-type=\"image\" data-src=\"https:\/\/intimcenter.hu\/custom\/intimcenter\/image\/data\/kategoriak\/paroknak.jpg\" data-srcset=\"\" \/><br \/>\nP\u00e1roknak<\/a><\/div>\n<div class=\"wpsc_category_grid_item \" style=\"display: inline-block; float: none;\"><a style=\"text-decoration-line: none;\" title=\"F\u00e9rfiaknak\" href=\"https:\/\/intimcenter.hu\/ferfiaknak\"><br \/>\n<img loading=\"lazy\" decoding=\"async\" class=\"lazy-loaded\" src=\"https:\/\/intimcenter.hu\/custom\/intimcenter\/image\/cache\/w180h180q80np1\/kategoriak\/ferfiaknak.jpg\" sizes=\"auto, 100vw\" width=\"180\" height=\"180\" data-lazy-type=\"image\" data-src=\"https:\/\/intimcenter.hu\/custom\/intimcenter\/image\/data\/kategoriak\/ferfiaknak.jpg\" data-srcset=\"\" \/><br \/>\nF\u00e9rfiaknak<\/a><\/div>\n<div class=\"wpsc_category_grid_item \" style=\"display: inline-block; float: none;\"><a style=\"text-decoration-line: none;\" title=\"N\u0151knek\" href=\"https:\/\/intimcenter.hu\/noknek\"><br \/>\n<img loading=\"lazy\" decoding=\"async\" class=\"lazy-loaded\" src=\"https:\/\/intimcenter.hu\/custom\/intimcenter\/image\/cache\/w180h180q80np1\/kategoriak\/egyeb-sm.jpg\" sizes=\"auto, 100vw\" width=\"180\" height=\"180\" data-lazy-type=\"image\" data-src=\"https:\/\/intimcenter.hu\/custom\/intimcenter\/image\/data\/kategoriak\/egyeb-sm.jpg\" data-srcset=\"\" \/><br \/>\nN\u0151knek<\/a><\/div>\n<\/div>\n<hr \/>\n<p>Minden van k\u00e9szleten az <strong>Intim Center szexshopban<\/strong>! A rendel\u00e9st szex\u00fczleti rakt\u00e1rr\u00f3l k\u00fcldj\u00fck diszkr\u00e9t csomagol\u00e1sban, a 4 T\u00e1rs kft. a felad\u00f3. Szem\u00e9lyes v\u00e1s\u00e1rl\u00e1s Budapest legr\u00e9gebbi \u00e9s legjobb szexshopj\u00e1ban minden nap: h\u00e9tk\u00f6znap 9-20 \u00f3r\u00e1ig, h\u00e9tv\u00e9g\u00e9n 9-18 \u00f3r\u00e1ig.<\/p>\n<p><a href=\"https:\/\/intimcenter.hu\/szexshop-bolt\"><img decoding=\"async\" class=\"aligncenter wp-image-1245319 size-full\" src=\"https:\/\/intimcenter.com\/wp-content\/uploads\/2019\/06\/intim-center-szexshop-budapest-karoly-krt-14-felemelet-szexbolt.jpg\" alt=\"\" width=\"100%\" height=\"auto\" \/><\/a><\/p>\n<p>A szexualit\u00e1s \u00e9s <a href=\"https:\/\/intimcenter.com\/a-szexualitas-es-szexkutyuk-innovativ-valtozasat-koveti-az-intim-center-mar-30-eve\/\">szexk\u00fcty\u00fck innovat\u00edv v\u00e1ltoz\u00e1s\u00e1t k\u00f6veti<\/a> az INTIM CENTER szex\u00fczlet m\u00e1r 30 \u00e9ve! \u00d3ri\u00e1si \u00e1ruk\u00e9szlet a v\u00e1s\u00e1rl\u00f3i ig\u00e9nyekhez, \u00e9s legmodernebb fejleszt\u00e9sekhez kialak\u00edtva.<\/p>\n<p><a href=\"https:\/\/intimcenter.hu\/hirek\"><img decoding=\"async\" class=\"aligncenter wp-image-1245318 size-full\" src=\"https:\/\/intimcenter.com\/wp-content\/uploads\/2019\/06\/intim-center-szexshop-budapes-karoly-krt-14-felemelet-szexbolt.jpg\" alt=\"\" width=\"100%\" height=\"auto\" \/><\/a><\/p>\n","protected":false},"excerpt":{"rendered":"<p>Az \u00faj weboldalunk itt www.INTIMCENTER.hu vagy kattints a k\u00e9pre: Szem\u00e9lyes v\u00e1s\u00e1rl\u00e1s \u00fczlet\u00fcnkben vagy online rendel\u00e9s az Intim Center meg\u00fajult weboldal\u00e1n itt az intimcenter.hu n\u00e9ven. Az INTIM CENTER szexbolt minden nap nyitva tart. C\u00edme 1052 Budapest, K\u00e1roly krt. 14. f\u00e9lemelet. Telefon +36 1 3170918 Vibr\u00e1torok Dild\u00f3k Potencian\u00f6vel\u0151k Maszturb\u00e1torok An\u00e1lis eszk\u00f6z\u00f6k Csikl\u00f3izgat\u00f3k T\u00e1rsasj\u00e1t\u00e9kok aj\u00e1nd\u00e9kok Felcsatolhat\u00f3 eszk\u00f6z\u00f6k G\u00e9sagoly\u00f3k [&hellip;]<\/p>\n","protected":false},"author":1,"featured_media":0,"parent":0,"menu_order":0,"comment_status":"closed","ping_status":"open","template":"","meta":{"footnotes":""},"class_list":["post-2","page","type-page","status-publish","hentry"],"yoast_head":"<!-- This site is optimized with the Yoast SEO plugin v27.4 - https:\/\/yoast.com\/product\/yoast-seo-wordpress\/ -->\n<title>Sex shop INTIM CENTER - Love \u2764\ufe0f INTIM CENTER sexshop<\/title>\n<meta name=\"robots\" content=\"index, follow, max-snippet:-1, max-image-preview:large, max-video-preview:-1\" \/>\n<link rel=\"canonical\" href=\"https:\/\/intimcentrum.com\/\" \/>\n<meta property=\"og:locale\" content=\"hu_HU\" \/>\n<meta property=\"og:type\" content=\"article\" \/>\n<meta property=\"og:title\" content=\"Sex shop INTIM CENTER - Love \u2764\ufe0f INTIM CENTER sexshop\" \/>\n<meta property=\"og:description\" content=\"Az \u00faj weboldalunk itt www.INTIMCENTER.hu vagy kattints a k\u00e9pre: Szem\u00e9lyes v\u00e1s\u00e1rl\u00e1s \u00fczlet\u00fcnkben vagy online rendel\u00e9s az Intim Center meg\u00fajult weboldal\u00e1n itt az intimcenter.hu n\u00e9ven. Az INTIM CENTER szexbolt minden nap nyitva tart. C\u00edme 1052 Budapest, K\u00e1roly krt. 14. f\u00e9lemelet. Telefon +36 1 3170918 Vibr\u00e1torok Dild\u00f3k Potencian\u00f6vel\u0151k Maszturb\u00e1torok An\u00e1lis eszk\u00f6z\u00f6k Csikl\u00f3izgat\u00f3k T\u00e1rsasj\u00e1t\u00e9kok aj\u00e1nd\u00e9kok Felcsatolhat\u00f3 eszk\u00f6z\u00f6k G\u00e9sagoly\u00f3k [&hellip;]\" \/>\n<meta property=\"og:url\" content=\"https:\/\/intimcentrum.com\/\" \/>\n<meta property=\"og:site_name\" content=\"Love \u2764\ufe0f INTIM CENTER sexshop\" \/>\n<meta property=\"article:modified_time\" content=\"2023-01-09T15:54:45+00:00\" \/>\n<meta property=\"og:image\" content=\"https:\/\/intimcenter.com\/wp-content\/uploads\/2022\/09\/budapest-szexshop-uzlet-es-online-webshop-a-legjobb-szexaruhaz.jpg\" \/>\n<meta name=\"twitter:card\" content=\"summary_large_image\" \/>\n<meta name=\"twitter:label1\" content=\"Becs\u00fclt olvas\u00e1si id\u0151\" \/>\n\t<meta name=\"twitter:data1\" content=\"6 perc\" \/>\n<script type=\"application\/ld+json\" class=\"yoast-schema-graph\">{\"@context\":\"https:\\\/\\\/schema.org\",\"@graph\":[{\"@type\":\"WebPage\",\"@id\":\"https:\\\/\\\/intimcentrum.com\\\/\",\"url\":\"https:\\\/\\\/intimcentrum.com\\\/\",\"name\":\"Sex shop INTIM CENTER - Love \u2764\ufe0f INTIM CENTER sexshop\",\"isPartOf\":{\"@id\":\"https:\\\/\\\/intimcentrum.com\\\/#website\"},\"primaryImageOfPage\":{\"@id\":\"https:\\\/\\\/intimcentrum.com\\\/#primaryimage\"},\"image\":{\"@id\":\"https:\\\/\\\/intimcentrum.com\\\/#primaryimage\"},\"thumbnailUrl\":\"https:\\\/\\\/intimcenter.com\\\/wp-content\\\/uploads\\\/2022\\\/09\\\/budapest-szexshop-uzlet-es-online-webshop-a-legjobb-szexaruhaz.jpg\",\"datePublished\":\"2023-01-09T15:21:37+00:00\",\"dateModified\":\"2023-01-09T15:54:45+00:00\",\"breadcrumb\":{\"@id\":\"https:\\\/\\\/intimcentrum.com\\\/#breadcrumb\"},\"inLanguage\":\"hu\",\"potentialAction\":[{\"@type\":\"ReadAction\",\"target\":[\"https:\\\/\\\/intimcentrum.com\\\/\"]}]},{\"@type\":\"ImageObject\",\"inLanguage\":\"hu\",\"@id\":\"https:\\\/\\\/intimcentrum.com\\\/#primaryimage\",\"url\":\"https:\\\/\\\/intimcenter.com\\\/wp-content\\\/uploads\\\/2022\\\/09\\\/budapest-szexshop-uzlet-es-online-webshop-a-legjobb-szexaruhaz.jpg\",\"contentUrl\":\"https:\\\/\\\/intimcenter.com\\\/wp-content\\\/uploads\\\/2022\\\/09\\\/budapest-szexshop-uzlet-es-online-webshop-a-legjobb-szexaruhaz.jpg\"},{\"@type\":\"BreadcrumbList\",\"@id\":\"https:\\\/\\\/intimcentrum.com\\\/#breadcrumb\",\"itemListElement\":[{\"@type\":\"ListItem\",\"position\":1,\"name\":\"Kezd\u0151lap\",\"item\":\"https:\\\/\\\/intimcentrum.com\\\/\"},{\"@type\":\"ListItem\",\"position\":2,\"name\":\"Sex shop INTIM CENTER\"}]},{\"@type\":\"WebSite\",\"@id\":\"https:\\\/\\\/intimcentrum.com\\\/#website\",\"url\":\"https:\\\/\\\/intimcentrum.com\\\/\",\"name\":\"Love \u2764\ufe0f INTIM CENTER sexshop\",\"description\":\"Szexbolt Budapest, K\u00e1roly krt. 14. f\u00e9lemelet\",\"potentialAction\":[{\"@type\":\"SearchAction\",\"target\":{\"@type\":\"EntryPoint\",\"urlTemplate\":\"https:\\\/\\\/intimcentrum.com\\\/?s={search_term_string}\"},\"query-input\":{\"@type\":\"PropertyValueSpecification\",\"valueRequired\":true,\"valueName\":\"search_term_string\"}}],\"inLanguage\":\"hu\"}]}<\/script>\n<!-- \/ Yoast SEO plugin. -->","yoast_head_json":{"title":"Sex shop INTIM CENTER - Love \u2764\ufe0f INTIM CENTER sexshop","robots":{"index":"index","follow":"follow","max-snippet":"max-snippet:-1","max-image-preview":"max-image-preview:large","max-video-preview":"max-video-preview:-1"},"canonical":"https:\/\/intimcentrum.com\/","og_locale":"hu_HU","og_type":"article","og_title":"Sex shop INTIM CENTER - Love \u2764\ufe0f INTIM CENTER sexshop","og_description":"Az \u00faj weboldalunk itt www.INTIMCENTER.hu vagy kattints a k\u00e9pre: Szem\u00e9lyes v\u00e1s\u00e1rl\u00e1s \u00fczlet\u00fcnkben vagy online rendel\u00e9s az Intim Center meg\u00fajult weboldal\u00e1n itt az intimcenter.hu n\u00e9ven. Az INTIM CENTER szexbolt minden nap nyitva tart. C\u00edme 1052 Budapest, K\u00e1roly krt. 14. f\u00e9lemelet. Telefon +36 1 3170918 Vibr\u00e1torok Dild\u00f3k Potencian\u00f6vel\u0151k Maszturb\u00e1torok An\u00e1lis eszk\u00f6z\u00f6k Csikl\u00f3izgat\u00f3k T\u00e1rsasj\u00e1t\u00e9kok aj\u00e1nd\u00e9kok Felcsatolhat\u00f3 eszk\u00f6z\u00f6k G\u00e9sagoly\u00f3k [&hellip;]","og_url":"https:\/\/intimcentrum.com\/","og_site_name":"Love \u2764\ufe0f INTIM CENTER sexshop","article_modified_time":"2023-01-09T15:54:45+00:00","og_image":[{"url":"https:\/\/intimcenter.com\/wp-content\/uploads\/2022\/09\/budapest-szexshop-uzlet-es-online-webshop-a-legjobb-szexaruhaz.jpg","type":"","width":"","height":""}],"twitter_card":"summary_large_image","twitter_misc":{"Becs\u00fclt olvas\u00e1si id\u0151":"6 perc"},"schema":{"@context":"https:\/\/schema.org","@graph":[{"@type":"WebPage","@id":"https:\/\/intimcentrum.com\/","url":"https:\/\/intimcentrum.com\/","name":"Sex shop INTIM CENTER - Love \u2764\ufe0f INTIM CENTER sexshop","isPartOf":{"@id":"https:\/\/intimcentrum.com\/#website"},"primaryImageOfPage":{"@id":"https:\/\/intimcentrum.com\/#primaryimage"},"image":{"@id":"https:\/\/intimcentrum.com\/#primaryimage"},"thumbnailUrl":"https:\/\/intimcenter.com\/wp-content\/uploads\/2022\/09\/budapest-szexshop-uzlet-es-online-webshop-a-legjobb-szexaruhaz.jpg","datePublished":"2023-01-09T15:21:37+00:00","dateModified":"2023-01-09T15:54:45+00:00","breadcrumb":{"@id":"https:\/\/intimcentrum.com\/#breadcrumb"},"inLanguage":"hu","potentialAction":[{"@type":"ReadAction","target":["https:\/\/intimcentrum.com\/"]}]},{"@type":"ImageObject","inLanguage":"hu","@id":"https:\/\/intimcentrum.com\/#primaryimage","url":"https:\/\/intimcenter.com\/wp-content\/uploads\/2022\/09\/budapest-szexshop-uzlet-es-online-webshop-a-legjobb-szexaruhaz.jpg","contentUrl":"https:\/\/intimcenter.com\/wp-content\/uploads\/2022\/09\/budapest-szexshop-uzlet-es-online-webshop-a-legjobb-szexaruhaz.jpg"},{"@type":"BreadcrumbList","@id":"https:\/\/intimcentrum.com\/#breadcrumb","itemListElement":[{"@type":"ListItem","position":1,"name":"Kezd\u0151lap","item":"https:\/\/intimcentrum.com\/"},{"@type":"ListItem","position":2,"name":"Sex shop INTIM CENTER"}]},{"@type":"WebSite","@id":"https:\/\/intimcentrum.com\/#website","url":"https:\/\/intimcentrum.com\/","name":"Love \u2764\ufe0f INTIM CENTER sexshop","description":"Szexbolt Budapest, K\u00e1roly krt. 14. f\u00e9lemelet","potentialAction":[{"@type":"SearchAction","target":{"@type":"EntryPoint","urlTemplate":"https:\/\/intimcentrum.com\/?s={search_term_string}"},"query-input":{"@type":"PropertyValueSpecification","valueRequired":true,"valueName":"search_term_string"}}],"inLanguage":"hu"}]}},"_links":{"self":[{"href":"https:\/\/intimcentrum.com\/index.php?rest_route=\/wp\/v2\/pages\/2","targetHints":{"allow":["GET"]}}],"collection":[{"href":"https:\/\/intimcentrum.com\/index.php?rest_route=\/wp\/v2\/pages"}],"about":[{"href":"https:\/\/intimcentrum.com\/index.php?rest_route=\/wp\/v2\/types\/page"}],"author":[{"embeddable":true,"href":"https:\/\/intimcentrum.com\/index.php?rest_route=\/wp\/v2\/users\/1"}],"replies":[{"embeddable":true,"href":"https:\/\/intimcentrum.com\/index.php?rest_route=%2Fwp%2Fv2%2Fcomments&post=2"}],"version-history":[{"count":0,"href":"https:\/\/intimcentrum.com\/index.php?rest_route=\/wp\/v2\/pages\/2\/revisions"}],"wp:attachment":[{"href":"https:\/\/intimcentrum.com\/index.php?rest_route=%2Fwp%2Fv2%2Fmedia&parent=2"}],"curies":[{"name":"wp","href":"https:\/\/api.w.org\/{rel}","templated":true}]}}